{"id":61,"date":"2022-11-07T18:12:04","date_gmt":"2022-11-07T18:12:04","guid":{"rendered":"https:\/\/peterpodehl.com\/?page_id=61"},"modified":"2025-06-03T08:57:44","modified_gmt":"2025-06-03T08:57:44","slug":"buchundstimmen","status":"publish","type":"page","link":"https:\/\/webaid.it\/?page_id=61","title":{"rendered":"Buchstaben und Stimmen"},"content":{"rendered":"\n<h2 class=\"wp-block-heading has-text-align-center\">***<\/h2>\n\n\n\n<h2 class=\"wp-block-heading has-text-align-center\">Buchstaben und Stimmen<\/h2>\n\n\n\n<h2 class=\"wp-block-heading has-text-align-center\">***<\/h2>\n\n\n\n<h2 class=\"wp-block-heading has-text-align-center\"><\/h2>\n\n\n\n<h3 class=\"wp-block-heading\"><strong>Buchstaben<\/strong>:<\/h3>\n\n\n\n<p><a href=\"https:\/\/webaid.it\/?page_id=1185\">Leseabende<\/a><\/p>\n\n\n\n<p>\u201c<a href=\"https:\/\/webaid.it\/?page_id=772\">Goethe, wie er nie im Schulbuch stand<\/a>\u201d<\/p>\n\n\n\n<p><a href=\"https:\/\/webaid.it\/?page_id=1054\">M\u00e4rchenbuch f\u00fcr Liebende<\/a> mit sch\u00f6nen Zeichnungen von <a href=\"https:\/\/www.youtube.com\/watch?v=Av_3ZQAIndc\">Iris Hahs<\/a><\/p>\n\n\n\n<p><a href=\"https:\/\/webaid.it\/?page_id=1901\">Henriette Gusic<\/a> &#8211; Die Vollblutschauspielerin, die ihre Kunst der Macht nicht untertan machen will. Oder nicht kann?<br>Auch ganz sch\u00f6n viel <a href=\"https:\/\/webaid.it\/?page_id=3354\">Charlotte<\/a> <\/p>\n\n\n\n<p><a href=\"https:\/\/webaid.it\/?page_id=715\">Peter und&#8230;<\/a><br>\u2026<a href=\"https:\/\/webaid.it\/?page_id=659\">Teresa, Togliattis Tomaten und das Tonbandger\u00e4t<\/a><br>\u2026\u00a0<a href=\"https:\/\/www.youtube.com\/watch?v=SmWBWosaIYo&amp;t=90s\" target=\"_blank\" rel=\"noreferrer noopener\">und die Titel<\/a><br><a href=\"https:\/\/webaid.it\/?page_id=968\">Peter und der Tod<\/a><br>Peter und der Tod:\u00a0<a href=\"https:\/\/webaid.it\/?page_id=3592\">Da lachten Philemon und Baucis<\/a><br>Peter und der Tod:\u00a0<a href=\"https:\/\/webaid.it\/?page_id=3746\">Antwort auf der Stra\u00dfe<\/a><br><a href=\"https:\/\/webaid.it\/?page_id=963\">Peter und der Krieg<\/a><br><a href=\"https:\/\/webaid.it\/?page_id=3354\">Peter und Charlotte<\/a><br><a href=\"https:\/\/webaid.it\/?page_id=3087\">Peter und Erwin Hahs<\/a><\/p>\n\n\n\n<p><a href=\"https:\/\/webaid.it\/?page_id=958\">Peters kleine Geschichten<\/a><br>2 Polizistengeschichten:<br><a href=\"https:\/\/webaid.it\/?page_id=3401\">H\u00e4tte die Sache nicht mit einem Knall begonnen<\/a><br><a href=\"https:\/\/webaid.it\/?page_id=2255\">Angela<\/a><br><a href=\"https:\/\/webaid.it\/?page_id=610\">Nur Einer!<\/a><br><a href=\"https:\/\/webaid.it\/?page_id=955\">Drei Kilo Zucker<\/a><br><a href=\"https:\/\/webaid.it\/?page_id=3746\">Antwort auf der Stra\u00dfe<\/a><\/p>\n\n\n\n<p><a href=\"https:\/\/webaid.it\/?page_id=492\">Claudias Geschichten<\/a><\/p>\n\n\n\n<p><a href=\"https:\/\/webaid.it\/?page_id=248\"><strong>Stimmen<\/strong><\/a><br>Peter Podehls\u00a0<a href=\"https:\/\/www.youtube.com\/watch?v=m8kmZ7acrnM\">Hallo-Spencer-Folgen<\/a>\u00a0\u2013 zu h\u00f6ren Peter im Studio und die K\u00f6nigin der Nacht<br><a href=\"https:\/\/www1.wdr.de\/radio\/wdr5\/sendungen\/zeitzeichen\/podehl-100.html\">Zeitzeichen WDR<\/a>\u00a0\u2013 Zu Peter Podehls 10. Todestag \u2013 von Irene Geuer<br>Friedrich H\u00f6lderlin: <a href=\"https:\/\/www.youtube.com\/watch?v=C6xE3QXv56g&amp;t=68s\" data-type=\"URL\" data-id=\"https:\/\/www.youtube.com\/watch?v=C6xE3QXv56g&amp;t=68s\" target=\"_blank\" rel=\"noreferrer noopener\">Eine lehrte ihn ganz, was Liebe se<\/a>i &#8211; Peter erkl\u00e4rt und berichtet, Charlotte liest<br><a href=\"https:\/\/www.youtube.com\/watch?v=pTedeoXNDW4&amp;t=27s\" data-type=\"URL\" data-id=\"https:\/\/www.youtube.com\/watch?v=pTedeoXNDW4&amp;t=27s\" target=\"_blank\" rel=\"noreferrer noopener\">Zitatenpudding<\/a><br>Hier liest Charlotte Zitate, und Peter gibt Hinweise auf \u2013 und verr\u00e4t zuletzt auch \u2013 den Autor. Denn im Vortrag sollten die Zuh\u00f6rer den Autor erraten, wozu sie eine Liste der Autoren in alphabetischer Reihenfolge erhalten hatten.<br><a href=\"https:\/\/www.youtube.com\/watch?v=C0N3PfBxtm4&amp;t=488s\" data-type=\"URL\" data-id=\"https:\/\/www.youtube.com\/watch?v=C0N3PfBxtm4&amp;t=488s\" target=\"_blank\" rel=\"noreferrer noopener\">Wir leben. als schwebten wir nicht<\/a><br>von Peter Podehl \u00a9 &#8211; Der Mensch zwischen Kosmos und Quark<br>mit Bettina Fuchs \u00a9 &#8211; spielt Fl\u00f6te<br>Nimm dir aber Zeit, es lohnt sich.<\/p>\n\n\n\n<p>Charlotte in<br><a href=\"https:\/\/www.youtube.com\/watch?v=JuwdkyVpboQ\">Jakopp und Elisabett &#8211; Folge 1<\/a> &#8211; da geht&#8217;s um einen &#8211; ma\u00dfgerechten &#8211; Spiegel<br><a href=\"https:\/\/www.youtube.com\/watch?v=xkYklKDovlk&amp;t=4s\">Jakopp und Elisabett &#8211; Folge 3<\/a> &#8211; M\u00fcnchen 1963; im Regen &#8211; aber nur am Anfang<br>Charlotte als &#8220;<a href=\"https:\/\/www.youtube.com\/watch?v=mZ1RfIYlNuw\">einfach angenehme Dame<\/a>&#8221; in &#8220;Die toten Seelen&#8221;<\/p>\n\n\n\n<p>Aus dem B\u00fccherschrank geholt: <a href=\"https:\/\/www.youtube.com\/watch?v=VzIVIU7fR8A&amp;t=1s\" data-type=\"URL\" data-id=\"https:\/\/www.youtube.com\/watch?v=VzIVIU7fR8A&amp;t=1s\" target=\"_blank\" rel=\"noreferrer noopener\">Die toten Seelen<\/a> <br>Aus dem B\u00fccherschrank geholt: <a href=\"https:\/\/www.youtube.com\/watch?v=lcEKAbYIqMY&amp;t=558s\" target=\"_blank\" rel=\"noreferrer noopener\">David Copperfield<\/a> &#8211; mit einer noch ziemlich kleinen Claudia als Emily<\/p>\n\n\n\n<p><\/p>\n","protected":false},"excerpt":{"rendered":"<p>*** Buchstaben und Stimmen *** Buchstaben: Leseabende \u201cGoethe, wie er nie im Schulbuch stand\u201d M\u00e4rchenbuch f\u00fcr Liebende mit sch\u00f6nen Zeichnungen von Iris Hahs Henriette Gusic &#8211; Die Vollblutschauspielerin, die ihre Kunst der Macht nicht untertan machen will. Oder nicht kann?Auch ganz sch\u00f6n viel Charlotte Peter und&#8230;\u2026Teresa, Togliattis Tomaten und das Tonbandger\u00e4t\u2026\u00a0und die TitelPeter und der [&hellip;]<\/p>\n","protected":false},"author":1,"featured_media":0,"parent":0,"menu_order":5,"comment_status":"closed","ping_status":"closed","template":"","meta":{"footnotes":""},"class_list":["post-61","page","type-page","status-publish","hentry"],"_links":{"self":[{"href":"https:\/\/webaid.it\/index.php?rest_route=\/wp\/v2\/pages\/61","targetHints":{"allow":["GET"]}}],"collection":[{"href":"https:\/\/webaid.it\/index.php?rest_route=\/wp\/v2\/pages"}],"about":[{"href":"https:\/\/webaid.it\/index.php?rest_route=\/wp\/v2\/types\/page"}],"author":[{"embeddable":true,"href":"https:\/\/webaid.it\/index.php?rest_route=\/wp\/v2\/users\/1"}],"replies":[{"embeddable":true,"href":"https:\/\/webaid.it\/index.php?rest_route=%2Fwp%2Fv2%2Fcomments&post=61"}],"version-history":[{"count":25,"href":"https:\/\/webaid.it\/index.php?rest_route=\/wp\/v2\/pages\/61\/revisions"}],"predecessor-version":[{"id":3865,"href":"https:\/\/webaid.it\/index.php?rest_route=\/wp\/v2\/pages\/61\/revisions\/3865"}],"wp:attachment":[{"href":"https:\/\/webaid.it\/index.php?rest_route=%2Fwp%2Fv2%2Fmedia&parent=61"}],"curies":[{"name":"wp","href":"https:\/\/api.w.org\/{rel}","templated":true}]}}