{"id":614,"date":"2022-12-11T06:01:13","date_gmt":"2022-12-11T06:01:13","guid":{"rendered":"https:\/\/peterpodehl.com\/?page_id=614"},"modified":"2026-02-19T11:41:50","modified_gmt":"2026-02-19T11:41:50","slug":"hallo-spencer-prasentiert-in-rom","status":"publish","type":"page","link":"https:\/\/webaid.it\/?page_id=614","title":{"rendered":"Hallo Spencer &#8211; pr\u00e4sentiert in Rom"},"content":{"rendered":"\n<p class=\"has-text-align-center\"><a href=\"https:\/\/www.youtube.com\/watch?v=m8kmZ7acrnM\">Alle Podehlschen Hallo-Spencer-Folgen<\/a><\/p>\n\n\n\n<p class=\"has-text-align-center\">***<\/p>\n\n\n\n<h2 class=\"wp-block-heading has-text-align-center\">Peter Podehls Pr\u00e4sentation von 2006<\/h2>\n\n\n\n<p class=\"has-text-align-center\">an der Dolmetscher- und \u00dcbersetzer-Universit\u00e4t S.Pio V in Rom<\/p>\n\n\n\n<p class=\"has-text-align-center\">**<\/p>\n\n\n\n<p>Im Jahr 2006 pr\u00e4sentierte Peter Podehl an der r\u00f6mischen Dolmetscher- und \u00dcbersetzer-Universit\u00e4t S.Pio V (heute hei\u00dft sie UNNIT) die gro\u00dfenteils von ihm gezeichnete Kinderfernsehserie Hallo Spencer. Unsere angehenden DolmetscherInnen sa\u00dfen in der Kabine und schufteten. Sie hatten sich lange vorbereitet, denn Kindersprache ist alles andere als einfach zu \u00fcbersetzen.<\/p>\n\n\n\n<p>Und als ob das nicht schon genug der Komplikationen f\u00fcr unsere armen DolmetscherInnen w\u00e4re: der gute Podehl tobt sich hier regelrecht aus, mit vielen Wortspielereien.<\/p>\n\n\n\n<p>Hier seine Kurzpr\u00e4sentation:<\/p>\n\n\n\n<p><strong>HALLO SPENCER<\/strong><\/p>\n\n\n\n<p>hei\u00dft eine Serie im Kinderprogramm des Deutschen Fernsehens, produziert vom Norddeutschen Rundfunk in Hamburg, deren Autor und Regisseur ich war. Es gibt einige Folgen, f\u00fcr die ich nicht verantwortlich zeichne, \u00fcber deren Qualit\u00e4t ich hier keinen Kommentar abgeben m\u00f6chte. Es sind Runddorfgeschichten, die in einem gro\u00dfen Runddorf, von vielen Puppen gespielt werden.<\/p>\n\n\n\n<p>&nbsp;&nbsp; &nbsp; Es gibt ungef\u00e4hr 250 Folgen, in zw\u00f6lf Jahren entstanden. Etwa 1993 endete die Produktion. Noch heute laufen, haupts\u00e4chlich in den Dritten Programmen etwa 50 Folgen im Jahr zum unverw\u00fcstlichen Gaudium der Kinder. Es gibt Fan-Webseiten und Communities, in denen sind keine Kinder, sondern 30- bis 40-J\u00e4hrige, die ihren geliebten Spencer in ihr Erwachsenendasein hin\u00fcbergerettet haben.<\/p>\n\n\n\n<p>&nbsp;&nbsp; &nbsp; Wenn ich etwas verzweifelt eine Folge mit einem bestimmten Inhalt suche, deren Titel und Folgennummer ich aber nicht wei\u00df, dann schicke ich denen eine e-mail mit dem Text: \u201eIch suche eine Folge, in der Lexi &#8211; das ist der B\u00fccherfan im Dorf &#8211; irgendein altert\u00fcmliches Wort zu erforschen versucht. Wisst Ihr Folgenummer und -titel?\u201c, dann antworten sie umgehend: \u201eFolge 119, Titel \u201aIch doch nicht\u2018.\u201c Das ist wunderbar und mir, dem ehemaligen Macher, eine Riesenfreude.<\/p>\n\n\n\n<p>&nbsp;&nbsp; &nbsp; Hier ist Folge 119, Titel \u201aIch doch nicht\u2018.<\/p>\n\n\n\n<p><em>&nbsp;&nbsp; &nbsp; Vorf\u00fchrung der Spencer-Folge 119, \u201aIch doch nicht\u2018.<\/em><\/p>\n\n\n\n<p><em>&nbsp;&nbsp; &nbsp; <\/em>Wenn man mich fragt, ob wir auch die sprachliche Erziehung der Kinder beachtet haben, dann antworte ich: \u201eJein.\u201c, das ist so eine deutsche Spa\u00dfantwort auf eine Frage, die nicht eindeutig mit Ja oder Nein beantwortet werden kann:<\/p>\n\n\n\n<p>&nbsp;&nbsp; &nbsp; Nein, es gab keinerlei sprachp\u00e4dagogische Intentionen beim Schreiben der Drehb\u00fccher. Wir haben nie gesagt: \u201eNun m\u00fcssen wir aber die lieben Kleinen auch dar\u00fcber belehren, dass der Drache nicht sagen darf: \u2018Ich will dir fressen!\u2018, sondern es muss hei\u00dfen: \u201aIch will dich fressen!\u2018\u201c<\/p>\n\n\n\n<p>&nbsp; &nbsp; Aber ich muss auch Ja antworten. Ja, wir haben mit einiger Aufmerksamkeit darauf geachtet, dass sprachlich nicht geschlampt wurde, schludrige Kids-speech war verp\u00f6nt! F\u00fcr Kinder seltene W\u00f6rter wurden erl\u00e4utert, Falsches wurde sanft korrigiert. Aber immer spielerisch, nie mit erhobenem Zeigefinger. Und ich schlie\u00dfe den Satz an, der uns immer vor Augen stand, und damit meine Ausf\u00fchrungen ab: \u201eWir haben die Kinder immer Ernst genommen. So ernst, wie sie spielen.\u201c<\/p>\n\n\n\n<p>&nbsp;&nbsp; &nbsp; Ich danke Ihnen f\u00fcr Ihre Aufmerksamkeit und will gerne Fragen beantworten.<\/p>\n\n\n\n<p class=\"has-text-align-right\">\u00a9P.P.<\/p>\n\n\n\n<p>Und hier der <a href=\"https:\/\/webaid.it\/?page_id=417\">ganze Vortrag<\/a> (vorl\u00e4ufig leider noch ohne Einspielungen)<\/p>\n\n\n\n<p class=\"has-text-align-right\"><\/p>\n\n\n\n<p><a href=\"https:\/\/webaid.it\/?page_id=2396\">Spencers Enkelgeschichten<\/a><\/p>\n\n\n\n<p><a href=\"https:\/\/webaid.it\/?page_id=2419\">Peter Podehl, der Spencer-Geschichtenerz\u00e4hler<\/a><\/p>\n\n\n\n<p><a href=\"https:\/\/webaid.it\/?page_id=2811\">Peter Podehls Drehb\u00fccher<\/a><br>und seine Aufzeichnungen hierzu<\/p>\n\n\n\n<p><a href=\"https:\/\/webaid.it\/?page_id=2694\">Die Drehb\u00fccher eines Komikers<\/a><br>Grundsatzanweisungen an die Puppenspieler \u2013 zu den Folgen \u201cViele W\u00fcnsche\u201d, \u201cGummib\u00e4rchen-Transporte\u201d, \u201cGro\u00dfes Aufr\u00e4umen\u201d und \u201cEinsamkeit\u201d und alle anderen Folgen<br>September 1980<\/p>\n\n\n\n<p><a href=\"https:\/\/webaid.it\/?page_id=2799\" data-type=\"page\" data-id=\"2799\">Zu den Drehb\u00fcchern eines Komikers<\/a><br>von SpencerEnkel Jannik Graf &#8211; der wei\u00df viel<\/p>\n\n\n\n<p><a href=\"https:\/\/webaid.it\/?page_id=2804\">Mut zur Arbeit<\/a><br>erste Aufzeichnungen zu den Folgen \u201cGesundheit\u201d und \u201cGaly und die Katastrophe\u201d<br>Januar 1981<\/p>\n\n\n\n<p><a href=\"https:\/\/webaid.it\/?page_id=2871\">SpencerEnkel Maxens Gedanken zu Podehls Gedanken<\/a><br>von SpencerEnkel Max zu Podehls ersten Aufzeichnungen zu den Folgen \u201cGesundheit\u201d und \u201cGaly und die Katastrophe\u201d<\/p>\n\n\n\n<p><a href=\"https:\/\/webaid.it\/?page_id=614\">Der Sprachaufpasser f\u00fcrs Deutsche und Puppenpoesie<\/a><br>Peter Podehls Pr\u00e4sentation<br>an der Dolmetscher- und \u00dcbersetzer-Universit\u00e4t S.Pio V in Rom<br>von 2006<br>Da gibt\u2019s viel Wortspielereien und auch einen Bericht dar\u00fcber, mit wem er die Folgen absprach, bevor er sie schrieb.<\/p>\n\n\n\n<p>Wie alles anfing:<br><a href=\"https:\/\/webaid.it\/?page_id=2408\">Lorenz Claussen berichtet vom TamS-Theater-Quatsch<\/a><\/p>\n\n\n\n<p><a href=\"https:\/\/webaid.it\/?page_id=2722\">Die Puppenspieler berichten<\/a><\/p>\n\n\n\n<p><a href=\"https:\/\/webaid.it\/?page_id=2416\">Klaus Naeve berichtet, wie Spencer von Charlotte gestreichelt wurde<\/a><\/p>\n\n\n\n<p>Armin Maiwald erz\u00e4hlt die&nbsp;<br><a href=\"https:\/\/webaid.it\/?page_id=2456\">Sache mit dem Du und \u201cMacht doch, was ihr wollt\u201d<\/a><\/p>\n\n\n\n<p><a href=\"https:\/\/webaid.it\/?page_id=2563\">Die SpencerEnkel stellen sich vor<\/a>:<\/p>\n\n\n\n<p><a href=\"https:\/\/webaid.it\/?page_id=2557\">SpencerEnkel Maxi<\/a>&nbsp;mit&nbsp;<a href=\"https:\/\/www.youtube.com\/@KnutFingerhut\">Knut Fingerhut<\/a><\/p>\n\n\n\n<p><a href=\"https:\/\/webaid.it\/?page_id=2579\">Der SpencerEnkel Janni<\/a><\/p>\n\n\n\n<p><a href=\"https:\/\/webaid.it\/?page_id=2623\">SpencerEnkel Sven<\/a><\/p>\n","protected":false},"excerpt":{"rendered":"<p>Alle Podehlschen Hallo-Spencer-Folgen *** Peter Podehls Pr\u00e4sentation von 2006 an der Dolmetscher- und \u00dcbersetzer-Universit\u00e4t S.Pio V in Rom ** Im Jahr 2006 pr\u00e4sentierte Peter Podehl an der r\u00f6mischen Dolmetscher- und \u00dcbersetzer-Universit\u00e4t S.Pio V (heute hei\u00dft sie UNNIT) die gro\u00dfenteils von ihm gezeichnete Kinderfernsehserie Hallo Spencer. Unsere angehenden DolmetscherInnen sa\u00dfen in der Kabine und schufteten. Sie [&hellip;]<\/p>\n","protected":false},"author":1,"featured_media":0,"parent":2572,"menu_order":8,"comment_status":"closed","ping_status":"closed","template":"","meta":{"footnotes":""},"class_list":["post-614","page","type-page","status-publish","hentry"],"_links":{"self":[{"href":"https:\/\/webaid.it\/index.php?rest_route=\/wp\/v2\/pages\/614","targetHints":{"allow":["GET"]}}],"collection":[{"href":"https:\/\/webaid.it\/index.php?rest_route=\/wp\/v2\/pages"}],"about":[{"href":"https:\/\/webaid.it\/index.php?rest_route=\/wp\/v2\/types\/page"}],"author":[{"embeddable":true,"href":"https:\/\/webaid.it\/index.php?rest_route=\/wp\/v2\/users\/1"}],"replies":[{"embeddable":true,"href":"https:\/\/webaid.it\/index.php?rest_route=%2Fwp%2Fv2%2Fcomments&post=614"}],"version-history":[{"count":15,"href":"https:\/\/webaid.it\/index.php?rest_route=\/wp\/v2\/pages\/614\/revisions"}],"predecessor-version":[{"id":4471,"href":"https:\/\/webaid.it\/index.php?rest_route=\/wp\/v2\/pages\/614\/revisions\/4471"}],"up":[{"embeddable":true,"href":"https:\/\/webaid.it\/index.php?rest_route=\/wp\/v2\/pages\/2572"}],"wp:attachment":[{"href":"https:\/\/webaid.it\/index.php?rest_route=%2Fwp%2Fv2%2Fmedia&parent=614"}],"curies":[{"name":"wp","href":"https:\/\/api.w.org\/{rel}","templated":true}]}}