{"id":621,"date":"2022-12-11T06:18:56","date_gmt":"2022-12-11T06:18:56","guid":{"rendered":"https:\/\/peterpodehl.com\/?page_id=621"},"modified":"2023-06-02T17:11:55","modified_gmt":"2023-06-02T17:11:55","slug":"der-kleine-muck-in-rom","status":"publish","type":"page","link":"https:\/\/webaid.it\/?page_id=621","title":{"rendered":"Der kleine Muck &#8211; in Rom"},"content":{"rendered":"\n<p class=\"has-text-align-center\">***<\/p>\n\n\n\n<p>2006 hielt Peter Podehl 2 Vortr\u00e4ge an den r\u00f6mischen Universit\u00e4ten La Sapienza und (damals) S. Pio V.<\/p>\n\n\n\n<div class=\"wp-block-media-text alignwide is-stacked-on-mobile\"><figure class=\"wp-block-media-text__media\"><img loading=\"lazy\" decoding=\"async\" width=\"724\" height=\"1024\" src=\"https:\/\/webaid.it\/wp-content\/uploads\/2023\/06\/locandina-nonno-light-2-724x1024.jpg\" alt=\"\" class=\"wp-image-2178 size-full\" srcset=\"https:\/\/webaid.it\/wp-content\/uploads\/2023\/06\/locandina-nonno-light-2-724x1024.jpg 724w, https:\/\/webaid.it\/wp-content\/uploads\/2023\/06\/locandina-nonno-light-2-212x300.jpg 212w, https:\/\/webaid.it\/wp-content\/uploads\/2023\/06\/locandina-nonno-light-2-768x1086.jpg 768w, https:\/\/webaid.it\/wp-content\/uploads\/2023\/06\/locandina-nonno-light-2-1087x1536.jpg 1087w, https:\/\/webaid.it\/wp-content\/uploads\/2023\/06\/locandina-nonno-light-2.jpg 1240w\" sizes=\"auto, (max-width: 724px) 100vw, 724px\" \/><\/figure><div class=\"wp-block-media-text__content\">\n<p><\/p>\n\n\n\n<p>An der Fakult\u00e4t f\u00fcr politische Wissenschaften der Sapienza mit dem Thema &#8220;Politik und M\u00e4rchen&#8221;, dabei ging es grunds\u00e4tzlich um den &#8220;Kleinen Muck&#8221;, an der Dolmetscher- und \u00dcbersetzerfakult\u00e4t S. Pio V \u00fcber Hallo Spencer mit dem Thema &#8220;Deutsch lernen wie die kleinen Kinder&#8221;.<\/p>\n\n\n\n<p>Die Studenten der Politischen Wissenschaften konnte erstaunlich gut Deutsch und folgten dem Vortrag ohne gr\u00f6\u00dfere Verst\u00e4ndnisprobleme,  an der Dolmetscheruniversit\u00e4t lieferten die StudentInnen es eine &#8211; sehr gut vorbereitete &#8211; Verdolmetschung des Vortrags und der pfiffigen Hallo-Spencer-Sprache.<\/p>\n\n\n\n<p class=\"has-text-align-center\"><\/p>\n<\/div><\/div>\n\n\n\n<p>Hier die Vortr\u00e4ge, leider noch ohne dieEinspielungen<\/p>\n\n\n\n<p><a href=\"https:\/\/webaid.it\/?page_id=627\">Politik und M\u00e4rchen<\/a><\/p>\n\n\n\n<p><a href=\"https:\/\/webaid.it\/?page_id=417\">Deutsch lernen wie die kleinen Kinder<\/a><\/p>\n\n\n\n<p>***<\/p>\n\n\n\n<p><\/p>\n","protected":false},"excerpt":{"rendered":"<p>*** 2006 hielt Peter Podehl 2 Vortr\u00e4ge an den r\u00f6mischen Universit\u00e4ten La Sapienza und (damals) S. Pio V. An der Fakult\u00e4t f\u00fcr politische Wissenschaften der Sapienza mit dem Thema &#8220;Politik und M\u00e4rchen&#8221;, dabei ging es grunds\u00e4tzlich um den &#8220;Kleinen Muck&#8221;, an der Dolmetscher- und \u00dcbersetzerfakult\u00e4t S. Pio V \u00fcber Hallo Spencer mit dem Thema &#8220;Deutsch [&hellip;]<\/p>\n","protected":false},"author":1,"featured_media":0,"parent":45,"menu_order":2,"comment_status":"closed","ping_status":"closed","template":"","meta":{"footnotes":""},"class_list":["post-621","page","type-page","status-publish","hentry"],"_links":{"self":[{"href":"https:\/\/webaid.it\/index.php?rest_route=\/wp\/v2\/pages\/621","targetHints":{"allow":["GET"]}}],"collection":[{"href":"https:\/\/webaid.it\/index.php?rest_route=\/wp\/v2\/pages"}],"about":[{"href":"https:\/\/webaid.it\/index.php?rest_route=\/wp\/v2\/types\/page"}],"author":[{"embeddable":true,"href":"https:\/\/webaid.it\/index.php?rest_route=\/wp\/v2\/users\/1"}],"replies":[{"embeddable":true,"href":"https:\/\/webaid.it\/index.php?rest_route=%2Fwp%2Fv2%2Fcomments&post=621"}],"version-history":[{"count":14,"href":"https:\/\/webaid.it\/index.php?rest_route=\/wp\/v2\/pages\/621\/revisions"}],"predecessor-version":[{"id":2185,"href":"https:\/\/webaid.it\/index.php?rest_route=\/wp\/v2\/pages\/621\/revisions\/2185"}],"up":[{"embeddable":true,"href":"https:\/\/webaid.it\/index.php?rest_route=\/wp\/v2\/pages\/45"}],"wp:attachment":[{"href":"https:\/\/webaid.it\/index.php?rest_route=%2Fwp%2Fv2%2Fmedia&parent=621"}],"curies":[{"name":"wp","href":"https:\/\/api.w.org\/{rel}","templated":true}]}}