{"id":772,"date":"2023-01-04T05:13:35","date_gmt":"2023-01-04T05:13:35","guid":{"rendered":"https:\/\/peterpodehl.com\/?page_id=772"},"modified":"2023-02-11T18:52:41","modified_gmt":"2023-02-11T18:52:41","slug":"goethe-wie-er-nie-im-schulbuch-stand","status":"publish","type":"page","link":"https:\/\/webaid.it\/?page_id=772","title":{"rendered":"Goethe &#8211; wie er nie im Schulbuch stand"},"content":{"rendered":"\n<p><\/p>\n\n\n\n<p>Wussten Sie, dass Goethe  (fragt Sie Peter Podehl)<\/p>\n\n\n\n<p>&#8211;&nbsp;&nbsp;&nbsp;&nbsp; in Weimar das Schlittschuhlaufen einf\u00fchrte und das Ostereiersuchen?<\/p>\n\n\n\n<p>&#8211;&nbsp;&nbsp;&nbsp;&nbsp; von seinem Chef, dem Herzog Karl-August von Sachsen-Weimar, als ihre Freundschaft altgeworden war, gelegentlich mit &#8220;Na, altes Kamel&#8221; begr\u00fc\u00dft wurde?<\/p>\n\n\n\n<p>&#8211; &nbsp;&nbsp;&nbsp; und Frau von Stein einander 10 Jahre lang geliebt haben, vermutlich ohne Umarmungen oder Streicheleinheiten, ohne einen einzigen Kuss, von anderen Intimit\u00e4ten ganz zu schweigen?<\/p>\n\n\n\n<p>&#8211;&nbsp;&nbsp;&nbsp;&nbsp; als Geheimrat und Finanzminister ein Aktenb\u00fcndel von 200 Seiten Umfang zu bearbeiten hatte, in dem es um Ruhlaer Rauchh\u00fchner ging, eine geringf\u00fcgige Naturalsteuer und ihre Bewertung in Geld?<\/p>\n\n\n\n<p>&#8211;&nbsp;&nbsp;&nbsp;&nbsp; deshalb gelegentlich vom &#8220;Schei\u00dfigen der Weimarer Verh\u00e4ltnisse&#8221; sprach?<\/p>\n\n\n\n<p>&#8211;&nbsp;&nbsp;&nbsp;&nbsp; seinen ersten Bettschatz vermutlich nicht fr\u00fcher denn als Enddrei\u00dfiger in Rom fand und dass diese erste Geliebte des FAUST-Dichters pikanterweise Faustina hie\u00df und Kellnerin war?<\/p>\n\n\n\n<p>&#8211;&nbsp;&nbsp;&nbsp;&nbsp; im Jahre 1818 in Karlsbad seinen 69. Geburtstag einen Tag zu fr\u00fch feiern wollte und schon am fr\u00fchen Morgen kr\u00e4ftig dem Rotwein zusprach? Als man ihn auf den Irrtum aufmerksam machte, sagte er: &#8220;Donnerwetter! Da habe ich&nbsp; mich ja umsonst besoffen!&#8221;<\/p>\n\n\n\n<p>&#8211;&nbsp;&nbsp;&nbsp;&nbsp; seinem Sohn August ein lausig schlechter Vater war, dessen Pass 18 Jahre lang auf den Namen August Vulpius \u2013 das ist der Nachname der Mutter \u2013 lautete, weil er so lange unehelich blieb?<\/p>\n\n\n\n<p>&#8211;&nbsp;&nbsp;&nbsp;&nbsp; in seiner Geliebten und sehr viel sp\u00e4teren Frau Christiane eine \u00fcberaus flei\u00dfige Wirtschafterin hatte, die einige Jahre lang Kohl, Artischocken und Spargel anbaute&nbsp; und verkaufte, um die Haushaltskasse des Ministers aufzubessern?<\/p>\n\n\n\n<p>&#8211;&nbsp;&nbsp;&nbsp;&nbsp; diese Christiane erst heiratete, als sie ihm das Leben gerettet hatte, indem sie sich todesmutig zwischen ihn und besoffene marodierende franz\u00f6sische Soldaten geworfen hatte?<\/p>\n\n\n\n<p>Wenn Sie dies alles nicht wissen, dann treten Sie uns n\u00e4her. <br>Wir m\u00f6chten Goethe zu unserem Mitmenschen machen, \u2013 auf dem Denkmalpodest ist er so weit weg. Ein Zeitgenossen hat von ihm gesagt: &#8220;Er war die Liebe selbst.&#8221; Das ist unser Thema. Unter der Rubrik BEKANNTES h\u00f6ren Sie freilich auch Gedichte wie \u00dcBER ALLEN GIPFELN IST RUH oder ICH GING IM WALD SO F\u00dcR MICH HIN; dazu Kommentare \u00fcber Entstehung und Umfeld solch unverg\u00e4nglicher Lyrik.<\/p>\n\n\n\n<p class=\"has-text-align-right\">P.P.<\/p>\n\n\n\n<p><a href=\"https:\/\/webaid.it\/?page_id=776\" data-type=\"URL\" data-id=\"https:\/\/webaid.it\/?page_id=776\">Goethe, wie er nie im Schulbuch stand &#8211; Teil 1<\/a><\/p>\n\n\n\n<p><a href=\"https:\/\/webaid.it\/?page_id=78\">Goethe, wie er nie im Schulbuch stand &#8211; Teil 2<\/a><\/p>\n","protected":false},"excerpt":{"rendered":"<p>Wussten Sie, dass Goethe (fragt Sie Peter Podehl) &#8211;&nbsp;&nbsp;&nbsp;&nbsp; in Weimar das Schlittschuhlaufen einf\u00fchrte und das Ostereiersuchen? &#8211;&nbsp;&nbsp;&nbsp;&nbsp; von seinem Chef, dem Herzog Karl-August von Sachsen-Weimar, als ihre Freundschaft altgeworden war, gelegentlich mit &#8220;Na, altes Kamel&#8221; begr\u00fc\u00dft wurde? &#8211; &nbsp;&nbsp;&nbsp; und Frau von Stein einander 10 Jahre lang geliebt haben, vermutlich ohne Umarmungen oder Streicheleinheiten, [&hellip;]<\/p>\n","protected":false},"author":1,"featured_media":0,"parent":494,"menu_order":2,"comment_status":"closed","ping_status":"closed","template":"","meta":{"footnotes":""},"class_list":["post-772","page","type-page","status-publish","hentry"],"_links":{"self":[{"href":"https:\/\/webaid.it\/index.php?rest_route=\/wp\/v2\/pages\/772","targetHints":{"allow":["GET"]}}],"collection":[{"href":"https:\/\/webaid.it\/index.php?rest_route=\/wp\/v2\/pages"}],"about":[{"href":"https:\/\/webaid.it\/index.php?rest_route=\/wp\/v2\/types\/page"}],"author":[{"embeddable":true,"href":"https:\/\/webaid.it\/index.php?rest_route=\/wp\/v2\/users\/1"}],"replies":[{"embeddable":true,"href":"https:\/\/webaid.it\/index.php?rest_route=%2Fwp%2Fv2%2Fcomments&post=772"}],"version-history":[{"count":8,"href":"https:\/\/webaid.it\/index.php?rest_route=\/wp\/v2\/pages\/772\/revisions"}],"predecessor-version":[{"id":1047,"href":"https:\/\/webaid.it\/index.php?rest_route=\/wp\/v2\/pages\/772\/revisions\/1047"}],"up":[{"embeddable":true,"href":"https:\/\/webaid.it\/index.php?rest_route=\/wp\/v2\/pages\/494"}],"wp:attachment":[{"href":"https:\/\/webaid.it\/index.php?rest_route=%2Fwp%2Fv2%2Fmedia&parent=772"}],"curies":[{"name":"wp","href":"https:\/\/api.w.org\/{rel}","templated":true}]}}